{"id":23544,"date":"2023-12-11T16:11:50","date_gmt":"2023-12-11T22:11:50","guid":{"rendered":"https:\/\/www.xaldigital.com\/contact\/"},"modified":"2024-09-26T14:47:49","modified_gmt":"2024-09-26T20:47:49","slug":"contact","status":"publish","type":"page","link":"https:\/\/www.xaldigital.com\/en\/contact\/","title":{"rendered":"Contact"},"content":{"rendered":"\t\t<div data-elementor-type=\"wp-page\" data-elementor-id=\"23544\" class=\"elementor elementor-23544 elementor-3673\" data-elementor-post-type=\"page\">\n\t\t\t\t<div class=\"elementor-element elementor-element-59ac38a e-con-full e-flex e-con e-parent\" data-id=\"59ac38a\" data-element_type=\"container\" data-e-type=\"container\" data-settings=\"{&quot;background_background&quot;:&quot;classic&quot;}\">\n\t\t<div class=\"elementor-element elementor-element-b059124 e-con-full e-flex e-con e-child\" data-id=\"b059124\" data-element_type=\"container\" data-e-type=\"container\">\n\t\t\t\t<div class=\"elementor-element elementor-element-93427d6 elementor-widget elementor-widget-heading\" data-id=\"93427d6\" data-element_type=\"widget\" data-e-type=\"widget\" data-widget_type=\"heading.default\">\n\t\t\t\t<div class=\"elementor-widget-container\">\n\t\t\t\t\t<h1 class=\"elementor-heading-title elementor-size-default\">Contact<\/h1>\t\t\t\t<\/div>\n\t\t\t\t<\/div>\n\t\t\t\t<div class=\"elementor-element elementor-element-0898dc3 elementor-widget__width-initial elementor-widget elementor-widget-text-editor\" data-id=\"0898dc3\" data-element_type=\"widget\" data-e-type=\"widget\" data-widget_type=\"text-editor.default\">\n\t\t\t\t<div class=\"elementor-widget-container\">\n\t\t\t\t\t\t\t\t\t<p>IF YOU WANT MORE INFORMATION, HAVE ANY QUESTIONS, OR NEED A SOLUTION TAILORED TO YOUR COMPANY, SHARE YOUR DETAILS WITH US AND WE&#8217;LL GET IN TOUCH WITH YOU.<\/p>\n\t\t\t\t\t\t\t\t<\/div>\n\t\t\t\t<\/div>\n\t\t\t\t<\/div>\n\t\t\t\t<\/div>\n\t\t<div class=\"elementor-element elementor-element-05ea614 e-con-full e-flex e-con e-parent\" data-id=\"05ea614\" data-element_type=\"container\" data-e-type=\"container\" data-settings=\"{&quot;background_background&quot;:&quot;gradient&quot;}\">\n\t\t<div class=\"elementor-element elementor-element-6cdc926 e-con-full e-flex e-con e-child\" data-id=\"6cdc926\" data-element_type=\"container\" data-e-type=\"container\">\n\t\t<div class=\"elementor-element elementor-element-65c6bb1 e-con-full e-flex e-con e-child\" data-id=\"65c6bb1\" data-element_type=\"container\" data-e-type=\"container\">\n\t\t\t\t<div class=\"elementor-element elementor-element-fbe5a7d elementor-widget elementor-widget-text-editor\" data-id=\"fbe5a7d\" data-element_type=\"widget\" data-e-type=\"widget\" data-widget_type=\"text-editor.default\">\n\t\t\t\t<div class=\"elementor-widget-container\">\n\t\t\t\t\t\t\t\t\t<p>Where can you find us?<\/p>\n\t\t\t\t\t\t\t\t<\/div>\n\t\t\t\t<\/div>\n\t\t\t\t<div class=\"elementor-element elementor-element-33f563c elementor-widget__width-initial elementor-widget elementor-widget-text-editor\" data-id=\"33f563c\" data-element_type=\"widget\" data-e-type=\"widget\" data-widget_type=\"text-editor.default\">\n\t\t\t\t<div class=\"elementor-widget-container\">\n\t\t\t\t\t\t\t\t\t<p>Av. Jes\u00fas del Monte 41, Piso 9, Col. Jes\u00fas del Monte, Edo. de Mex.   <\/p>\n\t\t\t\t\t\t\t\t<\/div>\n\t\t\t\t<\/div>\n\t\t<div class=\"elementor-element elementor-element-169c091 e-con-full e-flex e-con e-child\" data-id=\"169c091\" data-element_type=\"container\" data-e-type=\"container\">\n\t\t\t\t<div class=\"elementor-element elementor-element-0f10758 elementor-widget-divider--view-line elementor-widget elementor-widget-divider\" data-id=\"0f10758\" data-element_type=\"widget\" data-e-type=\"widget\" data-widget_type=\"divider.default\">\n\t\t\t\t<div class=\"elementor-widget-container\">\n\t\t\t\t\t\t\t<div class=\"elementor-divider\">\n\t\t\t<span class=\"elementor-divider-separator\">\n\t\t\t\t\t\t<\/span>\n\t\t<\/div>\n\t\t\t\t\t\t<\/div>\n\t\t\t\t<\/div>\n\t\t\t\t<\/div>\n\t\t\t\t<div class=\"elementor-element elementor-element-1764eb2 elementor-widget elementor-widget-text-editor\" data-id=\"1764eb2\" data-element_type=\"widget\" data-e-type=\"widget\" data-widget_type=\"text-editor.default\">\n\t\t\t\t<div class=\"elementor-widget-container\">\n\t\t\t\t\t\t\t\t\t<p>Get in touch with us:<\/p>\n\t\t\t\t\t\t\t\t<\/div>\n\t\t\t\t<\/div>\n\t\t\t\t<div class=\"elementor-element elementor-element-adf3e22 elementor-widget elementor-widget-text-editor\" data-id=\"adf3e22\" data-element_type=\"widget\" data-e-type=\"widget\" data-widget_type=\"text-editor.default\">\n\t\t\t\t<div class=\"elementor-widget-container\">\n\t\t\t\t\t\t\t\t\t<p><a href=\"tel:+525552052003\">+52 (55) 5205 2003<\/a><\/p>\n\t\t\t\t\t\t\t\t<\/div>\n\t\t\t\t<\/div>\n\t\t\t\t<div class=\"elementor-element elementor-element-ad7cb9d elementor-widget elementor-widget-text-editor\" data-id=\"ad7cb9d\" data-element_type=\"widget\" data-e-type=\"widget\" data-widget_type=\"text-editor.default\">\n\t\t\t\t<div class=\"elementor-widget-container\">\n\t\t\t\t\t\t\t\t\t<p><a href=\"mailto:contacto@xaldigital.com\">contacto@xaldigital.com<\/a><\/p>\n\t\t\t\t\t\t\t\t<\/div>\n\t\t\t\t<\/div>\n\t\t\t\t<\/div>\n\t\t<div class=\"elementor-element elementor-element-31d6486 e-con-full e-flex e-con e-child\" data-id=\"31d6486\" data-element_type=\"container\" data-e-type=\"container\">\n\t\t\t\t<div class=\"elementor-element elementor-element-1f057db elementor-button-align-end elementor-mobile-button-align-center elementor-widget elementor-widget-form\" data-id=\"1f057db\" data-element_type=\"widget\" data-e-type=\"widget\" id=\"contactForm\" data-settings=\"{&quot;button_width_mobile&quot;:&quot;100&quot;,&quot;step_next_label&quot;:&quot;Next&quot;,&quot;step_previous_label&quot;:&quot;Previous&quot;,&quot;button_width&quot;:&quot;100&quot;,&quot;step_type&quot;:&quot;number_text&quot;,&quot;step_icon_shape&quot;:&quot;circle&quot;}\" data-widget_type=\"form.default\">\n\t\t\t\t<div class=\"elementor-widget-container\">\n\t\t\t\t\t\t\t<form class=\"elementor-form\" method=\"post\" name=\"New form\" aria-label=\"New form\" novalidate=\"\">\n\t\t\t<input type=\"hidden\" name=\"post_id\" value=\"23544\"\/>\n\t\t\t<input type=\"hidden\" name=\"form_id\" value=\"1f057db\"\/>\n\t\t\t<input type=\"hidden\" name=\"referer_title\" value=\"XALDIGITAL | XALDIGITAL\" \/>\n\n\t\t\t\n\t\t\t<div class=\"elementor-form-fields-wrapper elementor-labels-\">\n\t\t\t\t\t\t\t\t<div class=\"elementor-field-type-text elementor-field-group elementor-column elementor-field-group-name elementor-col-100 elementor-field-required\">\n\t\t\t\t\t\t\t\t\t\t\t\t<label for=\"form-field-name\" class=\"elementor-field-label elementor-screen-only\">\n\t\t\t\t\t\t\t\tFirst name(s) Last name(s)\t\t\t\t\t\t\t<\/label>\n\t\t\t\t\t\t\t\t\t\t\t\t\t\t<input size=\"1\" type=\"text\" name=\"form_fields[name]\" id=\"form-field-name\" class=\"elementor-field elementor-size-sm  elementor-field-textual\" placeholder=\"First name(s) Last name(s)\" required=\"required\">\n\t\t\t\t\t\t\t\t\t\t\t<\/div>\n\t\t\t\t\t\t\t\t<div class=\"elementor-field-type-email elementor-field-group elementor-column elementor-field-group-email elementor-col-100 elementor-field-required\">\n\t\t\t\t\t\t\t\t\t\t\t\t<label for=\"form-field-email\" class=\"elementor-field-label elementor-screen-only\">\n\t\t\t\t\t\t\t\tEmail\t\t\t\t\t\t\t<\/label>\n\t\t\t\t\t\t\t\t\t\t\t\t\t\t<input size=\"1\" type=\"email\" name=\"form_fields[email]\" id=\"form-field-email\" class=\"elementor-field elementor-size-sm  elementor-field-textual\" placeholder=\"Email\" required=\"required\">\n\t\t\t\t\t\t\t\t\t\t\t<\/div>\n\t\t\t\t\t\t\t\t<div class=\"elementor-field-type-text elementor-field-group elementor-column elementor-field-group-field_8dacd62 elementor-col-50 elementor-field-required\">\n\t\t\t\t\t\t\t\t\t\t\t\t<label for=\"form-field-field_8dacd62\" class=\"elementor-field-label elementor-screen-only\">\n\t\t\t\t\t\t\t\tCompany\t\t\t\t\t\t\t<\/label>\n\t\t\t\t\t\t\t\t\t\t\t\t\t\t<input size=\"1\" type=\"text\" name=\"form_fields[field_8dacd62]\" id=\"form-field-field_8dacd62\" class=\"elementor-field elementor-size-sm  elementor-field-textual\" placeholder=\"Company\" required=\"required\">\n\t\t\t\t\t\t\t\t\t\t\t<\/div>\n\t\t\t\t\t\t\t\t<div class=\"elementor-field-type-text elementor-field-group elementor-column elementor-field-group-field_ce24422 elementor-col-50 elementor-field-required\">\n\t\t\t\t\t\t\t\t\t\t\t\t<label for=\"form-field-field_ce24422\" class=\"elementor-field-label elementor-screen-only\">\n\t\t\t\t\t\t\t\tPosition\t\t\t\t\t\t\t<\/label>\n\t\t\t\t\t\t\t\t\t\t\t\t\t\t<input size=\"1\" type=\"text\" name=\"form_fields[field_ce24422]\" id=\"form-field-field_ce24422\" class=\"elementor-field elementor-size-sm  elementor-field-textual\" placeholder=\"Position\" required=\"required\">\n\t\t\t\t\t\t\t\t\t\t\t<\/div>\n\t\t\t\t\t\t\t\t<div class=\"elementor-field-type-select elementor-field-group elementor-column elementor-field-group-field_9bb66da elementor-col-100 elementor-field-required\">\n\t\t\t\t\t\t\t\t\t\t\t\t<label for=\"form-field-field_9bb66da\" class=\"elementor-field-label elementor-screen-only\">\n\t\t\t\t\t\t\t\tSelect a service\t\t\t\t\t\t\t<\/label>\n\t\t\t\t\t\t\t\t<div class=\"elementor-field elementor-select-wrapper remove-before \">\n\t\t\t<div class=\"select-caret-down-wrapper\">\n\t\t\t\t<svg aria-hidden=\"true\" class=\"e-font-icon-svg e-eicon-caret-down\" viewBox=\"0 0 571.4 571.4\" xmlns=\"http:\/\/www.w3.org\/2000\/svg\"><path d=\"M571 393Q571 407 561 418L311 668Q300 679 286 679T261 668L11 418Q0 407 0 393T11 368 36 357H536Q550 357 561 368T571 393Z\"><\/path><\/svg>\t\t\t<\/div>\n\t\t\t<select name=\"form_fields[field_9bb66da]\" id=\"form-field-field_9bb66da\" class=\"elementor-field-textual elementor-size-sm\" required=\"required\">\n\t\t\t\t\t\t\t\t\t<option value=\"Select a service IoT Journey to Cloud Data Analytics Customer Experience Managed Services Data Governance Generative AI\">Select a service IoT Journey to Cloud Data Analytics Customer Experience Managed Services Data Governance Generative AI<\/option>\n\t\t\t\t\t\t\t<\/select>\n\t\t<\/div>\n\t\t\t\t\t\t<\/div>\n\t\t\t\t\t\t\t\t<div class=\"elementor-field-type-text elementor-field-group elementor-column elementor-field-group-field_ca60edb elementor-col-100\">\n\t\t\t\t\t\t\t\t\t\t\t\t<label for=\"form-field-field_ca60edb\" class=\"elementor-field-label elementor-screen-only\">\n\t\t\t\t\t\t\t\tMessage\t\t\t\t\t\t\t<\/label>\n\t\t\t\t\t\t\t\t\t\t\t\t\t\t<input size=\"1\" type=\"text\" name=\"form_fields[field_ca60edb]\" id=\"form-field-field_ca60edb\" class=\"elementor-field elementor-size-sm  elementor-field-textual\" placeholder=\"Write a message\">\n\t\t\t\t\t\t\t\t\t\t\t<\/div>\n\t\t\t\t\t\t\t\t<div class=\"elementor-field-type-acceptance elementor-field-group elementor-column elementor-field-group-field_0bb3b02 elementor-col-100 elementor-field-required\">\n\t\t\t\t\t\t\t\t\t\t\t\t<label for=\"form-field-field_0bb3b02\" class=\"elementor-field-label elementor-screen-only\">\n\t\t\t\t\t\t\t\tTerms and Conditions\t\t\t\t\t\t\t<\/label>\n\t\t\t\t\t\t\t\t<div class=\"elementor-field-subgroup\">\n\t\t\t<span class=\"elementor-field-option\">\n\t\t\t\t<input type=\"checkbox\" name=\"form_fields[field_0bb3b02]\" id=\"form-field-field_0bb3b02\" class=\"elementor-field elementor-size-sm  elementor-acceptance-field\" required=\"required\">\n\t\t\t\t<label for=\"form-field-field_0bb3b02\">By checking this box, I agree that my provided data will be used to receive responses and communications related to my quotation. I have read and understood the <a href=\"https:\/\/www.xaldigital.com\/aviso-de-privacidad\/\"> Privacy Policy<\/a> and Terms and Conditions.<\/label>\t\t\t<\/span>\n\t\t<\/div>\n\t\t\t\t\t\t<\/div>\n\t\t\t\t\t\t\t\t<div class=\"elementor-field-type-recaptcha elementor-field-group elementor-column elementor-field-group-field_6368b3d elementor-col-100\">\n\t\t\t\t\t<div class=\"elementor-field\" id=\"form-field-field_6368b3d\"><\/div>\t\t\t\t<\/div>\n\t\t\t\t\t\t\t\t<div class=\"elementor-field-type-html elementor-field-group elementor-column elementor-field-group-field_d89961d elementor-col-100\">\n\t\t\t\t\t<script>document.addEventListener('DOMContentLoaded', function() {\n    \/\/ Selecciona el campo de correo electr\u00f3nico por su ID\n    const emailField = document.getElementById('form-field-email');\n\n    if (emailField) {\n        \/\/ Desactivar validaci\u00f3n nativa temporalmente\n        emailField.form.setAttribute('novalidate', true);\n\n        \/\/ Definir los dominios v\u00e1lidos\n        const validDomains = [\"gmail.com\", \"yahoo.com\", \"outlook.com\", \"hotmail.com\"];\n        \n        \/\/ Lista ampliada de errores comunes en los dominios\n        const commonMistakes = {\n            \"gnail.com\": \"gmail.com\",\n            \"gamil.com\": \"gmail.com\",\n            \"gmial.com\": \"gmail.com\",\n            \"gmaill.com\": \"gmail.com\",\n            \"gmaik.com\": \"gmail.com\",\n            \"hotmial.com\": \"hotmail.com\",\n            \"hotmil.com\": \"hotmail.com\",\n            \"hotmal.com\": \"hotmail.com\",\n            \"hotmai.com\": \"hotmail.com\",\n            \"outlok.com\": \"outlook.com\",\n            \"outllok.com\": \"outlook.com\",\n            \"otlook.com\": \"outlook.com\",\n            \"yaho.com\": \"yahoo.com\",\n            \"yhoo.com\": \"yahoo.com\",\n            \"yahho.com\": \"yahoo.com\",\n            \"yahhooo.com\": \"yahoo.com\",\n            \"yahoomail.com\": \"yahoo.com\",\n            \"icloud.cmo\": \"icloud.com\",\n            \"icoud.com\": \"icloud.com\",\n            \"icloud.con\": \"icloud.com\",\n            \"protonmail.cmo\": \"protonmail.com\",\n            \"protonmal.com\": \"protonmail.com\",\n            \"protnmail.com\": \"protonmail.com\",\n            \"outlokc.com\": \"outlook.com\",\n            \"aim.con\": \"aim.com\",\n            \"zoho.con\": \"zoho.com\",\n            \"zohoo.com\": \"zoho.com\",\n            \"zoho.cmo\": \"zoho.com\",\n            \"gogglemail.com\": \"googlemail.com\",\n            \"gogolemail.com\": \"googlemail.com\",\n            \"goglemail.com\": \"googlemail.com\",\n            \"ymail.con\": \"ymail.com\",\n            \"ymailc.com\": \"ymail.com\",\n            \"live.cmo\": \"live.com\",\n            \"lve.com\": \"live.com\",\n            \"liv.com\": \"live.com\",\n            \"gmail.con\": \"gmail.com\",\n            \"gamil.con\": \"gmail.com\",\n            \"mail.come\": \"mail.com\",\n            \"mai.com\": \"mail.com\",\n            \"mail.cmo\": \"mail.com\",\n            \"yaho.co\": \"yahoo.com\"\n        };\n\n        \/\/ Escucha el evento 'input' para validar en tiempo real\n        emailField.addEventListener('input', function() {\n            \/\/ Obt\u00e9n el valor actual del campo de correo electr\u00f3nico\n            const emailValue = emailField.value.trim();\n\n            \/\/ Solo valida si el correo electr\u00f3nico contiene un '@' y no est\u00e1 vac\u00edo\n            if (emailValue.includes('@') && emailValue.split('@')[1] !== undefined) {\n                let domain = emailValue.split('@')[1]; \n                let domainParts = domain.split('.');\n\n                \/\/ Verifica si el dominio es un error com\u00fan\n                if (domain && commonMistakes[domain]) {\n                    emailField.setCustomValidity(`\u00bfQuisiste decir ${commonMistakes[domain]}?`); \n                } else if (domainParts.length === 1) {\n                    \/\/ Verifica si falta el punto en el dominio\n                    emailField.setCustomValidity(`Parece que te falta el punto (.) en el dominio. \u00bfQuisiste decir \"${domain}.com\"?`);\n                } else if (domainParts.length > 1 && domainParts[1] !== 'com') {\n                    \/\/ Verifica si el dominio no termina en .com\n                    emailField.setCustomValidity(`\u00bfQuisiste decir \"${domainParts[0]}.com\"?`);\n                } else {\n                    emailField.setCustomValidity(\"\"); \n                }\n            } else {\n                emailField.setCustomValidity(\"\"); \n            }\n\n            \/\/ Muestra el mensaje de error (si lo hay)\n            emailField.reportValidity();\n        });\n\n        \/\/ Re-activar validaci\u00f3n nativa en el env\u00edo del formulario\n        emailField.form.addEventListener('submit', function(event) {\n            emailField.form.removeAttribute('novalidate');\n            if (!emailField.checkValidity()) {\n                event.preventDefault(); \n                emailField.reportValidity(); \n            }\n        });\n    }\n});\n<\/script> \n\t\t\t\t<\/div>\n\t\t\t\t\t\t\t\t<div class=\"elementor-field-type-html elementor-field-group elementor-column elementor-field-group-field_4897804 elementor-col-100\">\n\t\t\t\t\t<script>document.addEventListener('DOMContentLoaded', function() {\n    const form = document.querySelector('.elementor-form');\n    const spinner = document.createElement('div');\n    spinner.className = 'spinner';\n    spinner.style.display = 'none'; \/\/ Oculto por defecto\n    form.appendChild(spinner);\n\n    form.addEventListener('submit', function(event) {\n        \/\/ Mostrar spinner antes de enviar el formulario\n        spinner.style.display = 'block'; \n\n        \/\/ Prevenci\u00f3n para evitar m\u00faltiples env\u00edos en m\u00f3viles\n        setTimeout(function() {\n            if (spinner.style.display === 'block') {\n                spinner.style.display = 'none'; \/\/ Ocultar spinner despu\u00e9s de un tiempo si no hay respuesta\n            }\n        }, 5000); \/\/ Ajusta el tiempo seg\u00fan sea necesario\n    });\n\n    jQuery(document).ajaxComplete(function(event, xhr, settings) {\n        \/\/ Ocultar spinner despu\u00e9s de que se complete la solicitud AJAX\n        spinner.style.display = 'none';\n    });\n\n    \/\/ Escucha para cierre de ventanas emergentes en m\u00f3viles\n    document.addEventListener('click', function(event) {\n        const target = event.target;\n\n        \/\/ Si se hace clic en alg\u00fan bot\u00f3n o elemento que cierre la ventana emergente, oculta el spinner\n        if (target.classList.contains('close-modal') || target.classList.contains('close-button')) {\n            spinner.style.display = 'none'; \/\/ Asegurarse de que el spinner se oculta\n        }\n    });\n});\n\n<\/script>  \t\t\t\t<\/div>\n\t\t\t\t\t\t\t\t<div class=\"elementor-field-group elementor-column elementor-field-type-submit elementor-col-100 e-form__buttons elementor-sm-100\">\n\t\t\t\t\t<button class=\"elementor-button elementor-size-sm\" type=\"submit\">\n\t\t\t\t\t\t<span class=\"elementor-button-content-wrapper\">\n\t\t\t\t\t\t\t\t\t\t\t\t\t\t\t\t\t\t\t\t\t\t<span class=\"elementor-button-text\">Send<\/span>\n\t\t\t\t\t\t\t\t\t\t\t\t\t<\/span>\n\t\t\t\t\t<\/button>\n\t\t\t\t<\/div>\n\t\t\t<\/div>\n\t\t<\/form>\n\t\t\t\t\t\t<\/div>\n\t\t\t\t<\/div>\n\t\t\t\t<\/div>\n\t\t\t\t<\/div>\n\t\t\t\t<\/div>\n\t\t\t\t<\/div>\n\t\t","protected":false},"excerpt":{"rendered":"<p>Contact IF YOU WANT MORE INFORMATION, HAVE ANY QUESTIONS, OR NEED A SOLUTION TAILORED TO YOUR COMPANY, SHARE YOUR DETAILS WITH US AND WE&#8217;LL GET IN TOUCH WITH YOU. Where can you find us? Av. Jes\u00fas del Monte 41, Piso 9, Col. Jes\u00fas del Monte, Edo. de Mex. Get in touch with us: +52 (55) [&hellip;]<\/p>\n","protected":false},"author":2,"featured_media":0,"parent":0,"menu_order":0,"comment_status":"closed","ping_status":"closed","template":"","meta":{"_acf_changed":false,"_joinchat":[],"footnotes":""},"categoria":[],"class_list":["post-23544","page","type-page","status-publish","hentry"],"acf":[],"yoast_head":"<!-- This site is optimized with the Yoast SEO Premium plugin v25.7.1 (Yoast SEO v25.7) - https:\/\/yoast.com\/wordpress\/plugins\/seo\/ -->\n<title>Contact | XALDIGITAL<\/title>\n<meta name=\"description\" content=\"Our clients are our top priority. We take away your worries so you can focus on what&#039;s important! Contact us\" \/>\n<meta name=\"robots\" content=\"index, follow, max-snippet:-1, max-image-preview:large, max-video-preview:-1\" \/>\n<link rel=\"canonical\" href=\"https:\/\/www.xaldigital.com\/en\/contact\/\" \/>\n<meta property=\"og:locale\" content=\"en_US\" \/>\n<meta property=\"og:type\" content=\"article\" \/>\n<meta property=\"og:title\" content=\"Contact\" \/>\n<meta property=\"og:description\" content=\"Our clients are our top priority. We take away your worries so you can focus on what&#039;s important! Contact us\" \/>\n<meta property=\"og:url\" content=\"https:\/\/www.xaldigital.com\/en\/contact\/\" \/>\n<meta property=\"og:site_name\" content=\"XALDIGITAL | XALDIGITAL\" \/>\n<meta property=\"article:modified_time\" content=\"2024-09-26T20:47:49+00:00\" \/>\n<meta property=\"og:image\" content=\"https:\/\/www.xaldigital.com\/wp-content\/uploads\/2024\/05\/WhatsApp-Image-2024-05-21-at-12.29.51-PM-scaled.jpeg\" \/>\n\t<meta property=\"og:image:width\" content=\"2560\" \/>\n\t<meta property=\"og:image:height\" content=\"1659\" \/>\n\t<meta property=\"og:image:type\" content=\"image\/jpeg\" \/>\n<meta name=\"twitter:card\" content=\"summary_large_image\" \/>\n<script type=\"application\/ld+json\" class=\"yoast-schema-graph\">{\"@context\":\"https:\/\/schema.org\",\"@graph\":[{\"@type\":\"WebPage\",\"@id\":\"https:\/\/www.xaldigital.com\/en\/contact\/\",\"url\":\"https:\/\/www.xaldigital.com\/en\/contact\/\",\"name\":\"Contact | XALDIGITAL\",\"isPartOf\":{\"@id\":\"https:\/\/www.xaldigital.com\/en\/#website\"},\"datePublished\":\"2023-12-11T22:11:50+00:00\",\"dateModified\":\"2024-09-26T20:47:49+00:00\",\"description\":\"Our clients are our top priority. We take away your worries so you can focus on what's important! Contact us\",\"inLanguage\":\"en-US\",\"potentialAction\":[{\"@type\":\"ReadAction\",\"target\":[\"https:\/\/www.xaldigital.com\/en\/contact\/\"]}]},{\"@type\":\"WebSite\",\"@id\":\"https:\/\/www.xaldigital.com\/en\/#website\",\"url\":\"https:\/\/www.xaldigital.com\/en\/\",\"name\":\"XALDIGITAL | XALDIGITAL\",\"description\":\"My WordPress Blog\",\"publisher\":{\"@id\":\"https:\/\/www.xaldigital.com\/en\/#organization\"},\"alternateName\":\"XalDigital\",\"potentialAction\":[{\"@type\":\"SearchAction\",\"target\":{\"@type\":\"EntryPoint\",\"urlTemplate\":\"https:\/\/www.xaldigital.com\/en\/?s={search_term_string}\"},\"query-input\":{\"@type\":\"PropertyValueSpecification\",\"valueRequired\":true,\"valueName\":\"search_term_string\"}}],\"inLanguage\":\"en-US\"},{\"@type\":\"Organization\",\"@id\":\"https:\/\/www.xaldigital.com\/en\/#organization\",\"name\":\"XalDigital\",\"alternateName\":\"Xal\",\"url\":\"https:\/\/www.xaldigital.com\/en\/\",\"logo\":{\"@type\":\"ImageObject\",\"inLanguage\":\"en-US\",\"@id\":\"https:\/\/www.xaldigital.com\/en\/#\/schema\/logo\/image\/\",\"url\":\"https:\/\/www.xaldigital.com\/wp-content\/uploads\/2023\/11\/logo_xaldigital_blanco.svg\",\"contentUrl\":\"https:\/\/www.xaldigital.com\/wp-content\/uploads\/2023\/11\/logo_xaldigital_blanco.svg\",\"width\":152,\"height\":32,\"caption\":\"XalDigital\"},\"image\":{\"@id\":\"https:\/\/www.xaldigital.com\/en\/#\/schema\/logo\/image\/\"}}]}<\/script>\n<!-- \/ Yoast SEO Premium plugin. -->","yoast_head_json":{"title":"Contact | XALDIGITAL","description":"Our clients are our top priority. We take away your worries so you can focus on what's important! Contact us","robots":{"index":"index","follow":"follow","max-snippet":"max-snippet:-1","max-image-preview":"max-image-preview:large","max-video-preview":"max-video-preview:-1"},"canonical":"https:\/\/www.xaldigital.com\/en\/contact\/","og_locale":"en_US","og_type":"article","og_title":"Contact","og_description":"Our clients are our top priority. We take away your worries so you can focus on what's important! Contact us","og_url":"https:\/\/www.xaldigital.com\/en\/contact\/","og_site_name":"XALDIGITAL | XALDIGITAL","article_modified_time":"2024-09-26T20:47:49+00:00","og_image":[{"width":2560,"height":1659,"url":"https:\/\/www.xaldigital.com\/wp-content\/uploads\/2024\/05\/WhatsApp-Image-2024-05-21-at-12.29.51-PM-scaled.jpeg","type":"image\/jpeg"}],"twitter_card":"summary_large_image","schema":{"@context":"https:\/\/schema.org","@graph":[{"@type":"WebPage","@id":"https:\/\/www.xaldigital.com\/en\/contact\/","url":"https:\/\/www.xaldigital.com\/en\/contact\/","name":"Contact | XALDIGITAL","isPartOf":{"@id":"https:\/\/www.xaldigital.com\/en\/#website"},"datePublished":"2023-12-11T22:11:50+00:00","dateModified":"2024-09-26T20:47:49+00:00","description":"Our clients are our top priority. We take away your worries so you can focus on what's important! Contact us","inLanguage":"en-US","potentialAction":[{"@type":"ReadAction","target":["https:\/\/www.xaldigital.com\/en\/contact\/"]}]},{"@type":"WebSite","@id":"https:\/\/www.xaldigital.com\/en\/#website","url":"https:\/\/www.xaldigital.com\/en\/","name":"XALDIGITAL | XALDIGITAL","description":"My WordPress Blog","publisher":{"@id":"https:\/\/www.xaldigital.com\/en\/#organization"},"alternateName":"XalDigital","potentialAction":[{"@type":"SearchAction","target":{"@type":"EntryPoint","urlTemplate":"https:\/\/www.xaldigital.com\/en\/?s={search_term_string}"},"query-input":{"@type":"PropertyValueSpecification","valueRequired":true,"valueName":"search_term_string"}}],"inLanguage":"en-US"},{"@type":"Organization","@id":"https:\/\/www.xaldigital.com\/en\/#organization","name":"XalDigital","alternateName":"Xal","url":"https:\/\/www.xaldigital.com\/en\/","logo":{"@type":"ImageObject","inLanguage":"en-US","@id":"https:\/\/www.xaldigital.com\/en\/#\/schema\/logo\/image\/","url":"https:\/\/www.xaldigital.com\/wp-content\/uploads\/2023\/11\/logo_xaldigital_blanco.svg","contentUrl":"https:\/\/www.xaldigital.com\/wp-content\/uploads\/2023\/11\/logo_xaldigital_blanco.svg","width":152,"height":32,"caption":"XalDigital"},"image":{"@id":"https:\/\/www.xaldigital.com\/en\/#\/schema\/logo\/image\/"}}]}},"_links":{"self":[{"href":"https:\/\/www.xaldigital.com\/en\/wp-json\/wp\/v2\/pages\/23544","targetHints":{"allow":["GET"]}}],"collection":[{"href":"https:\/\/www.xaldigital.com\/en\/wp-json\/wp\/v2\/pages"}],"about":[{"href":"https:\/\/www.xaldigital.com\/en\/wp-json\/wp\/v2\/types\/page"}],"author":[{"embeddable":true,"href":"https:\/\/www.xaldigital.com\/en\/wp-json\/wp\/v2\/users\/2"}],"replies":[{"embeddable":true,"href":"https:\/\/www.xaldigital.com\/en\/wp-json\/wp\/v2\/comments?post=23544"}],"version-history":[{"count":0,"href":"https:\/\/www.xaldigital.com\/en\/wp-json\/wp\/v2\/pages\/23544\/revisions"}],"wp:attachment":[{"href":"https:\/\/www.xaldigital.com\/en\/wp-json\/wp\/v2\/media?parent=23544"}],"wp:term":[{"taxonomy":"categoria","embeddable":true,"href":"https:\/\/www.xaldigital.com\/en\/wp-json\/wp\/v2\/categoria?post=23544"}],"curies":[{"name":"wp","href":"https:\/\/api.w.org\/{rel}","templated":true}]}}